{"id":327,"date":"2019-01-04T22:20:12","date_gmt":"2019-01-04T22:20:12","guid":{"rendered":"https:\/\/beatriceturin.com\/?page_id=327"},"modified":"2026-02-20T13:24:24","modified_gmt":"2026-02-20T12:24:24","slug":"impressum","status":"publish","type":"page","link":"https:\/\/beatriceturin.com\/en\/impressum\/","title":{"rendered":"Imprint"},"content":{"rendered":"<div data-elementor-type=\"wp-page\" data-elementor-id=\"327\" class=\"elementor elementor-327\" data-elementor-post-type=\"page\">\n\t\t\t\t\t\t<section class=\"elementor-section elementor-top-section elementor-element elementor-element-73047075 elementor-section-boxed elementor-section-height-default elementor-section-height-default parallax_section_no qode_elementor_container_no\" data-id=\"73047075\" data-element_type=\"section\" data-e-type=\"section\">\n\t\t\t\t\t\t<div class=\"elementor-container elementor-column-gap-default\">\n\t\t\t\t\t<div class=\"elementor-column elementor-col-100 elementor-top-column elementor-element elementor-element-61ce36f\" data-id=\"61ce36f\" data-element_type=\"column\" data-e-type=\"column\">\n\t\t\t<div class=\"elementor-widget-wrap elementor-element-populated\">\n\t\t\t\t\t\t<div class=\"elementor-element elementor-element-190da484 elementor-widget elementor-widget-text-editor\" data-id=\"190da484\" data-element_type=\"widget\" data-e-type=\"widget\" data-widget_type=\"text-editor.default\">\n\t\t\t\t<div class=\"elementor-widget-container\">\n\t\t\t\t\t\t\t\t\t<p>\u00a0<\/p><h4>ANGABEN GEM. \u00a7 5 ABS. 1 <a href=\"https:\/\/www.wko.at\/service\/wirtschaftsrecht-gewerberecht\/Informationspflichten_nach_dem_E-Commerce-Gesetz_(ECG)_-_a.html\" target=\"_blank\" rel=\"noopener noreferrer\">E-COMMERCE-GESETZ<\/a> (ECG):<\/h4><p>\u00a0<\/p><p><strong>Inhaber:<br \/><\/strong>Beatrice Turin<\/p><p>\u00a0<\/p><p><strong>Mobil:<\/strong> <a>+43 664 444 0044<\/a><br \/><strong>E-Mail: <\/strong><a href=\"mailto:beatriceturin@gmx.at\">beatriceturin@gmx.at<\/a><\/p><p>\u00a0<\/p><p><strong>Anwendbare Rechtsvorschriften:<\/strong>\u00a0GewO, ECG<br \/><strong>Aufsichtsbeh\u00f6rde nach ECG:<\/strong> Magistratisches Bezirksamt des 1. Bezirkes Wien<\/p><p>\u00a0<\/p><p>Alle im Online-Shop ausgewiesenen Preise f\u00fcr Sendungen innerhalb der Europ\u00e4ischen Union enthalten die g\u00fcltige Mehrwertsteuer. Hinzu kommen die Versandkosten. F\u00fcr Lieferungen au\u00dferhalb der Europ\u00e4ischen Union, wie z.B. in die Schweiz oder nach Liechtenstein, verstehen sich die ausgewiesenen Artikelpreise exkl. Mehrwertsteuer und allf\u00e4lligen Zollgeb\u00fchren, die gesondert vom Versandunternehmen in Rechnung gestellt werden. Beatrice Turin verrechnet demnach lediglich den Artikelpreis exkl. Mehrwertsteuer sowie die Versandkosten.<\/p><p>\u00a0<\/p><p><strong>Umsetzung der Website:<\/strong> Klaus Biedermann<\/p><p>\u00a0<\/p><p>Dieses Impressum gilt auch f\u00fcr alle externen Auftritte (Social Media Networks wie Facebook, Twitter, XING, LinkedIn, etc.) von Beatrice Turin.<\/p><h4>\u00a0<\/h4><h4>INHALTLICH VERANTWORTLICH:<\/h4><p>Beatrice Turin<br \/><br \/><\/p><p><strong>Handy:<\/strong> <a>+43 664 444 0044<\/a><br \/><strong>E-Mail: <\/strong><a href=\"mailto:beatriceturin@gmx.at\">beatriceturin@gmx.at<\/a><\/p><h4>\u00a0<\/h4><h4>RECHTLICHER HINWEIS\/STREITSCHLICHTUNG:<\/h4><p>Die EU-Kommission stellt eine Plattform zur Online-Streitbeilegung zur Verf\u00fcgung.<br \/>Diese ist unter folgendem externen Link erreichbar: <a href=\"http:\/\/ec.europa.eu\/consumers\/odr\/\" target=\"_blank\" rel=\"noopener noreferrer\">http:\/\/ec.europa.eu\/consumers\/odr\/<\/a><\/p><h4>\u00a0<\/h4><h4>COPYRIGHT:<\/h4><p>Alle Rechte vorbehalten. Insbesondere d\u00fcrfen Nachdruck, Aufnahme in Online-Dienste und Internet sowie Vervielf\u00e4ltigung auf Datentr\u00e4ger wie CD-ROM, DVD-ROM etc. \u2013 auch auszugsweise \u2013 nur nach vorheriger schriftlicher Zustimmung von Beatrice Turin erfolgen. F\u00fcr unverlangt eingesandte Manuskripte kann keine Haftung \u00fcbernommen werden. Mit \u00dcbergabe der Manuskripte und Bilder an die Redaktion erteilt der Verfasser Beatrice Turin das Recht zur Ver\u00f6ffentlichung. Honorierte Arbeiten gehen in das Verf\u00fcgungsrecht von Beatrice Turin \u00fcber. Warennamen werden ohne Gew\u00e4hrleistung einer freien Verf\u00fcgung genutzt.<\/p><h4>\u00a0<\/h4><h4>EXTERNE LINKS:<\/h4><p>Beatrice Turin hat auf seinen Internetseiten Links (Querverweise) zu anderen Seiten im Internet geschaltet. Beatrice Turin erkl\u00e4rt ausdr\u00fccklich, dass Beatrice Turin keinerlei Einfluss auf die Gestaltung und die Inhalte der gelinkten Seiten hat. Deshalb distanziert sich Beatrice Turin ausdr\u00fccklich von s\u00e4mtlichen Inhalten aller verkn\u00fcpften Internetseiten, die nicht auf dem Server von Beatrice Turin abgelegt sind. Diese Erkl\u00e4rung gilt f\u00fcr alle angezeigten Links und f\u00fcr alle Inhalte der Seiten, zu denen die von Beatrice Turin installierten Banner und Links f\u00fchren.<\/p><h4>\u00a0<\/h4><h4>GEISTIGES EIGENTUM:<\/h4><p>S\u00e4mtliche Inhalte, das Layout, Bildmaterial sowie allf\u00e4llige Ton- und Videosequenzen sind im Sinne des Urheberrechtsgesetzes urheberrechtlich gesch\u00fctzt. Alle Rechte daran bleiben der Rechteinhaberin\/dem Rechteinhaber vorbehalten. \u00c4nderungen d\u00fcrfen nicht vorgenommen werden. Eine \u00f6ffentliche Verwendung der Informationen\/Services darf nur mit unserer Zustimmung und unter Nennung sowie Ersichtlichmachung der Quelle (\u00a9 Beatrice Turin) erfolgen.<\/p>\t\t\t\t\t\t\t\t<\/div>\n\t\t\t\t<\/div>\n\t\t\t\t\t<\/div>\n\t\t<\/div>\n\t\t\t\t\t<\/div>\n\t\t<\/section>\n\t\t\t\t<\/div>","protected":false},"excerpt":{"rendered":"<p>\u00a0 ANGABEN GEM. \u00a7 5 ABS. 1 E-COMMERCE-GESETZ (ECG): \u00a0 Inhaber:Beatrice Turin \u00a0 Mobil: +43 664 444 0044E-Mail: beatriceturin@gmx.at \u00a0 Anwendbare Rechtsvorschriften:\u00a0GewO, ECGAufsichtsbeh\u00f6rde nach ECG: Magistratisches Bezirksamt des 1. Bezirkes Wien \u00a0 Alle im Online-Shop ausgewiesenen Preise f\u00fcr Sendungen innerhalb&#8230;<\/p>","protected":false},"author":2,"featured_media":0,"parent":0,"menu_order":0,"comment_status":"closed","ping_status":"closed","template":"","meta":{"footnotes":""},"class_list":["post-327","page","type-page","status-publish","hentry"],"_links":{"self":[{"href":"https:\/\/beatriceturin.com\/en\/wp-json\/wp\/v2\/pages\/327","targetHints":{"allow":["GET"]}}],"collection":[{"href":"https:\/\/beatriceturin.com\/en\/wp-json\/wp\/v2\/pages"}],"about":[{"href":"https:\/\/beatriceturin.com\/en\/wp-json\/wp\/v2\/types\/page"}],"author":[{"embeddable":true,"href":"https:\/\/beatriceturin.com\/en\/wp-json\/wp\/v2\/users\/2"}],"replies":[{"embeddable":true,"href":"https:\/\/beatriceturin.com\/en\/wp-json\/wp\/v2\/comments?post=327"}],"version-history":[{"count":0,"href":"https:\/\/beatriceturin.com\/en\/wp-json\/wp\/v2\/pages\/327\/revisions"}],"wp:attachment":[{"href":"https:\/\/beatriceturin.com\/en\/wp-json\/wp\/v2\/media?parent=327"}],"curies":[{"name":"wp","href":"https:\/\/api.w.org\/{rel}","templated":true}]}}